{"id":826,"date":"2022-03-14T11:56:43","date_gmt":"2022-03-14T10:56:43","guid":{"rendered":"https:\/\/serviceexperts.fr\/?page_id=826"},"modified":"2022-12-23T11:06:40","modified_gmt":"2022-12-23T10:06:40","slug":"gestion-des-cookies","status":"publish","type":"page","link":"https:\/\/serviceexperts.fr\/index.php\/gestion-des-cookies\/","title":{"rendered":"Gestion des cookies"},"content":{"rendered":"<p>[et_pb_section fb_built=\u00a0\u00bb1&Prime; _builder_version=\u00a0\u00bb4.16&Prime; _module_preset=\u00a0\u00bbdefault\u00a0\u00bb background_color=\u00a0\u00bb#EFF2FF\u00a0\u00bb display_conditions=\u00a0\u00bbW10=\u00a0\u00bb custom_padding=\u00a0\u00bb0px|||||\u00a0\u00bb global_colors_info=\u00a0\u00bb{}\u00a0\u00bb][et_pb_row _builder_version=\u00a0\u00bb4.16&Prime; _module_preset=\u00a0\u00bbdefault\u00a0\u00bb global_colors_info=\u00a0\u00bb{}\u00a0\u00bb][et_pb_column type=\u00a0\u00bb4_4&Prime; _builder_version=\u00a0\u00bb4.16&Prime; _module_preset=\u00a0\u00bbdefault\u00a0\u00bb global_colors_info=\u00a0\u00bb{}\u00a0\u00bb][et_pb_text _builder_version=\u00a0\u00bb4.16&Prime; _dynamic_attributes=\u00a0\u00bblink_option_url\u00a0\u00bb _module_preset=\u00a0\u00bbdefault\u00a0\u00bb text_font=\u00a0\u00bb|||||||#0071CE|\u00a0\u00bb text_text_color=\u00a0\u00bb#0071CE\u00a0\u00bb max_width=\u00a0\u00bb40%\u00a0\u00bb module_alignment=\u00a0\u00bbleft\u00a0\u00bb link_option_url=\u00a0\u00bb@ET-DC@eyJkeW5hbWljIjp0cnVlLCJjb250ZW50IjoiaG9tZV91cmwiLCJzZXR0aW5ncyI6e319@\u00a0\u00bb locked=\u00a0\u00bboff\u00a0\u00bb global_colors_info=\u00a0\u00bb{}\u00a0\u00bb text_text_color__hover_enabled=\u00a0\u00bbon|hover\u00a0\u00bb text_text_color__hover=\u00a0\u00bb#0071CE\u00a0\u00bb]<\/p>\n<p>\u2190 Retour \u00e0 l&rsquo;accueil<\/p>\n<p>[\/et_pb_text][et_pb_text _builder_version=\u00a0\u00bb4.16&Prime; _module_preset=\u00a0\u00bbdefault\u00a0\u00bb text_font=\u00a0\u00bbCircular regular|600|||||||\u00a0\u00bb text_text_color=\u00a0\u00bb#0071CE\u00a0\u00bb text_font_size=\u00a0\u00bb26px\u00a0\u00bb header_font=\u00a0\u00bbCircular regular||||||||\u00a0\u00bb text_orientation=\u00a0\u00bbcenter\u00a0\u00bb global_colors_info=\u00a0\u00bb{}\u00a0\u00bb]<\/p>\n<p>Gestion des cookies<\/p>\n<p>[\/et_pb_text][\/et_pb_column][\/et_pb_row][et_pb_row _builder_version=\u00a0\u00bb4.16&Prime; _module_preset=\u00a0\u00bbdefault\u00a0\u00bb global_colors_info=\u00a0\u00bb{}\u00a0\u00bb][et_pb_column type=\u00a0\u00bb4_4&Prime; _builder_version=\u00a0\u00bb4.16&Prime; _module_preset=\u00a0\u00bbdefault\u00a0\u00bb global_colors_info=\u00a0\u00bb{}\u00a0\u00bb][et_pb_text _builder_version=\u00a0\u00bb4.19.4&Prime; _module_preset=\u00a0\u00bbdefault\u00a0\u00bb text_text_color=\u00a0\u00bb#1A428A\u00a0\u00bb text_font_size=\u00a0\u00bb16px\u00a0\u00bb header_3_text_color=\u00a0\u00bb#0071CE\u00a0\u00bb hover_enabled=\u00a0\u00bb0&Prime; global_colors_info=\u00a0\u00bb{}\u00a0\u00bb sticky_enabled=\u00a0\u00bb0&Prime;]<\/p>\n<h3>\u00c0 propos de cette politique de cookies<\/h3>\n<div>Cette politique sur les cookies explique ce que sont les cookies et comment nous les utilisons, les types de cookies que nous utilisons, les informations que nous recueillons \u00e0 l\u2019aide de cookies et comment ces informations sont utilis\u00e9es, et comment contr\u00f4ler les pr\u00e9f\u00e9rences de cookies. Pour plus d\u2019informations sur la fa\u00e7on dont nous utilisons, stockons et conservons vos donn\u00e9es personnelles en toute s\u00e9curit\u00e9, consultez notre Politique de confidentialit\u00e9.<\/div>\n<div>Vous pouvez \u00e0 tout moment modifier ou retirer votre consentement \u00e0 la d\u00e9claration de cookies sur notre site Web.<\/div>\n<div>Votre consentement s\u2019applique aux domaines suivants : serviceexperts.fr<\/div>\n<div><\/div>\n<h3><\/h3>\n<h3><\/h3>\n<h3><\/h3>\n<h3>Que sont les cookies ?<\/h3>\n<div>Les cookies sont de petits fichiers texte qui sont utilis\u00e9s pour stocker de petites informations. Ils sont stock\u00e9s sur votre appareil lorsque le site Web est charg\u00e9 sur votre navigateur. Ces t\u00e9moins nous aident \u00e0 faire en sorte de comprendre comment le site Web est utilis\u00e9 (pages parcourues, temps pass\u00e9\u2026) et \u00e0 analyser ce qui doit \u00eatre am\u00e9lior\u00e9.<\/div>\n<h3><\/h3>\n<h3><\/h3>\n<h3><\/h3>\n<h3>Comment utilisons-nous les cookies ?<\/h3>\n<div>Comme la plupart des services en ligne, notre site utilise des cookies de premi\u00e8re partie et de tiers \u00e0 plusieurs fins. Les cookies de premi\u00e8re partie sont principalement n\u00e9cessaires pour que le site fonctionne de la bonne fa\u00e7on, et ils ne recueillent aucune de vos donn\u00e9es personnellement identifiables.<\/div>\n<div>Les cookies utilis\u00e9s sur notre site Web sont principalement utilis\u00e9s pour comprendre comment le site Web fonctionne, comment vous interagissez avec notre site Web, les pages que vous parcourez\u2026 et analyser comment am\u00e9liorer le site.<\/div>\n<h3><\/h3>\n<h3><\/h3>\n<h3><\/h3>\n<h3>Quels types de cookies utilisons-nous ?<\/h3>\n<div>Analyses: Ces cookies stockent des informations comme le nombre de visiteurs du site, le nombre de visiteurs uniques, les pages du site ont \u00e9t\u00e9 visit\u00e9es, le temps pass\u00e9 sur chaque page\u2026<\/div>\n<h3><\/h3>\n<h3><\/h3>\n<h3><\/h3>\n<h3>Comment puis-je contr\u00f4ler les pr\u00e9f\u00e9rences des cookies ?<\/h3>\n<div>Si vous d\u00e9cidez de modifier vos pr\u00e9f\u00e9rences plus tard dans votre session de navigation, vous pouvez cliquer sur le bouton \u00ab Param\u00e8tres des cookies \u00bb en bas de la page. Cela affichera \u00e0 nouveau l\u2019avis de consentement vous permettant de modifier vos pr\u00e9f\u00e9rences ou de retirer votre consentement enti\u00e8rement. En outre, diff\u00e9rents navigateurs fournissent diff\u00e9rentes m\u00e9thodes pour bloquer et supprimer les cookies utilis\u00e9s par les sites Web.<\/div>\n<div>Vous pouvez modifier les param\u00e8tres de votre navigateur pour bloquer\/supprimer les cookies.<\/div>\n<p>[\/et_pb_text][et_pb_code _builder_version=\u00a0\u00bb4.16&Prime; _module_preset=\u00a0\u00bbdefault\u00a0\u00bb text_orientation=\u00a0\u00bbcenter\u00a0\u00bb global_colors_info=\u00a0\u00bb{}\u00a0\u00bb]<a role='button' tabindex='0' class=\"medium cli-plugin-button cli-plugin-main-button cli_settings_button\">Param\u00e8tres des cookies<\/a>[\/et_pb_code][\/et_pb_column][\/et_pb_row][\/et_pb_section]<\/p>\n","protected":false},"excerpt":{"rendered":"<p>\u2190 Retour \u00e0 l&rsquo;accueilGestion des cookies\u00c0 propos de cette politique de cookies Cette politique sur les cookies explique ce que sont les cookies et comment nous les utilisons, les types de cookies que nous utilisons, les informations que nous recueillons \u00e0 l\u2019aide de cookies et comment ces informations sont utilis\u00e9es, et comment contr\u00f4ler les pr\u00e9f\u00e9rences [&hellip;]<\/p>\n","protected":false},"author":1,"featured_media":0,"parent":0,"menu_order":0,"comment_status":"closed","ping_status":"closed","template":"","meta":{"_et_pb_use_builder":"on","_et_pb_old_content":"","_et_gb_content_width":"","footnotes":""},"class_list":["post-826","page","type-page","status-publish","hentry"],"_links":{"self":[{"href":"https:\/\/serviceexperts.fr\/index.php\/wp-json\/wp\/v2\/pages\/826","targetHints":{"allow":["GET"]}}],"collection":[{"href":"https:\/\/serviceexperts.fr\/index.php\/wp-json\/wp\/v2\/pages"}],"about":[{"href":"https:\/\/serviceexperts.fr\/index.php\/wp-json\/wp\/v2\/types\/page"}],"author":[{"embeddable":true,"href":"https:\/\/serviceexperts.fr\/index.php\/wp-json\/wp\/v2\/users\/1"}],"replies":[{"embeddable":true,"href":"https:\/\/serviceexperts.fr\/index.php\/wp-json\/wp\/v2\/comments?post=826"}],"version-history":[{"count":5,"href":"https:\/\/serviceexperts.fr\/index.php\/wp-json\/wp\/v2\/pages\/826\/revisions"}],"predecessor-version":[{"id":1080,"href":"https:\/\/serviceexperts.fr\/index.php\/wp-json\/wp\/v2\/pages\/826\/revisions\/1080"}],"wp:attachment":[{"href":"https:\/\/serviceexperts.fr\/index.php\/wp-json\/wp\/v2\/media?parent=826"}],"curies":[{"name":"wp","href":"https:\/\/api.w.org\/{rel}","templated":true}]}}